{"id":1072,"date":"2019-05-15T18:20:09","date_gmt":"2019-05-15T16:20:09","guid":{"rendered":"https:\/\/professionalgazebo.com\/?page_id=1072"},"modified":"2021-08-30T10:23:05","modified_gmt":"2021-08-30T08:23:05","slug":"tische-und-banke","status":"publish","type":"page","link":"https:\/\/professionalgazebo.com\/de\/tische-und-banke\/","title":{"rendered":"Bierzeltgarnituren: Tische und B\u00e4nke"},"content":{"rendered":"[spb_row wrap_type=&#8220;content-width&#8220; row_bg_type=&#8220;image&#8220; color_row_height=&#8220;content-height&#8220; bg_type=&#8220;cover&#8220; parallax_image_height=&#8220;content-height&#8220; parallax_image_movement=&#8220;fixed&#8220; parallax_image_speed=&#8220;0.5&#8243; parallax_video_height=&#8220;window-height&#8220; parallax_video_overlay=&#8220;none&#8220; row_overlay_opacity=&#8220;0&#8243; row_padding_vertical=&#8220;0&#8243; row_padding_horizontal=&#8220;0&#8243; row_margin_vertical=&#8220;0&#8243; remove_element_spacing=&#8220;no&#8220; inner_column_height=&#8220;col-natural&#8220; row_el_class=&#8220;heroboxes&#8220; width=&#8220;1\/1&#8243; el_position=&#8220;first last&#8220;] [blank_spacer height=&#8220;30px&#8220; width=&#8220;1\/4&#8243; el_position=&#8220;first&#8220;] [boxed_content type=&#8220;coloured&#8220; custom_bg_colour=&#8220;#F4F4F4&#8243; custom_text_colour=&#8220;#222222&#8243; pb_margin_bottom=&#8220;no&#8220; width=&#8220;1\/4&#8243;]\n<h3><a href=\"#tavolo\"><img loading=\"lazy\" decoding=\"async\" class=\"aligncenter wp-image-371 size-full\" src=\"https:\/\/test.vierocomponents.com\/professionalgazebo\/wp-content\/uploads\/sites\/2\/Gazebo-veloce.png\" alt=\"\" width=\"100\" height=\"100\" srcset=\"https:\/\/professionalgazebo.com\/wp-content\/uploads\/sites\/2\/Gazebo-veloce.png 200w, https:\/\/professionalgazebo.com\/wp-content\/uploads\/sites\/2\/Gazebo-veloce-150x150.png 150w\" sizes=\"auto, (max-width: 100px) 100vw, 100px\" \/><\/a><\/h3>\n<h3 style=\"text-align: center;\"><a href=\"#tische\">Tische<\/a><\/h3>\n[\/boxed_content] [boxed_content type=&#8220;coloured&#8220; custom_bg_colour=&#8220;#F4F4F4&#8243; custom_text_colour=&#8220;#222222&#8243; pb_margin_bottom=&#8220;no&#8220; width=&#8220;1\/4&#8243; el_position=&#8220;last&#8220;]\n<h3><a href=\"#panche\"><img loading=\"lazy\" decoding=\"async\" class=\"aligncenter size-full wp-image-368\" src=\"https:\/\/test.vierocomponents.com\/professionalgazebo\/wp-content\/uploads\/sites\/2\/Gazebo-accessoriato.png\" alt=\"\" width=\"100\" height=\"100\" srcset=\"https:\/\/professionalgazebo.com\/wp-content\/uploads\/sites\/2\/Gazebo-accessoriato.png 200w, https:\/\/professionalgazebo.com\/wp-content\/uploads\/sites\/2\/Gazebo-accessoriato-150x150.png 150w\" sizes=\"auto, (max-width: 100px) 100vw, 100px\" \/><\/a><\/h3>\n<h3 style=\"text-align: center;\"><a href=\"#b\u00e4nke\">B\u00e4nke<\/a><\/h3>\n[\/boxed_content] [\/spb_row] [spb_row wrap_type=&#8220;content-width&#8220; row_bg_type=&#8220;image&#8220; color_row_height=&#8220;content-height&#8220; bg_type=&#8220;cover&#8220; parallax_image_height=&#8220;content-height&#8220; parallax_image_movement=&#8220;fixed&#8220; parallax_image_speed=&#8220;0.5&#8243; parallax_video_height=&#8220;window-height&#8220; parallax_video_overlay=&#8220;none&#8220; row_overlay_opacity=&#8220;0&#8243; row_padding_vertical=&#8220;60&#8243; row_padding_horizontal=&#8220;0&#8243; row_margin_vertical=&#8220;0&#8243; remove_element_spacing=&#8220;no&#8220; inner_column_height=&#8220;col-natural&#8220; width=&#8220;1\/1&#8243; el_position=&#8220;first last&#8220;] [spb_text_block pb_margin_bottom=&#8220;no&#8220; pb_border_bottom=&#8220;no&#8220; el_class=&#8220;col-sm-offset-2&#8243; width=&#8220;2\/3&#8243; el_position=&#8220;first last&#8220;]\n<h2>Allgemeine Merkmale<\/h2>\n<p>Vielseitig und jederzeit n\u00fctzlich, sind unsere professionellen <strong>\u201cBierzeltgarnituren\u201d<\/strong> f\u00fcr alle Anforderungen, selbst eine Extremnutzung des Produktes, geeignet und so beschaffen, dass sie auch dann noch in einem tadellosen Zustand sind, wenn sie hunderte Male auf- und abgebaut wurden..<\/p>\n<p>Die Oberfl\u00e4chenbehandlung und der Zusammenbau der Teile sind bis in alle Einzelheiten durchdacht. Die Metallteile sind mit umweltfreundlichem Epoxydpulver beschichtet. \u2028Die Sicherheitsschnapper gestatten das einfache und rasche \u00d6ffnen und Schlie\u00dfen des Untergestells mit einem z\u00fcgig und sicher arbeitenden Ein- und Ausrastsystem. Das Metall ist mit einem galvanischen Lack tropen- und wetterfest beschichtet. \u2028Die Platten aus Fichtenholz europ\u00e4ischen Ursprungs sind mit speziellen Melaminharzen angeleimt und widerstehen auch dem feierw\u00fctigsten Benutzer.<\/p>\n[\/spb_text_block] [\/spb_row] [divider type=&#8220;thin&#8220; text=&#8220;Go to top&#8220; full_width=&#8220;no&#8220; width=&#8220;1\/1&#8243; el_position=&#8220;first last&#8220;] [spb_row wrap_type=&#8220;content-width&#8220; row_bg_type=&#8220;image&#8220; color_row_height=&#8220;content-height&#8220; bg_type=&#8220;cover&#8220; parallax_image_height=&#8220;content-height&#8220; parallax_image_movement=&#8220;fixed&#8220; parallax_image_speed=&#8220;0.5&#8243; parallax_video_height=&#8220;window-height&#8220; parallax_video_overlay=&#8220;none&#8220; row_overlay_opacity=&#8220;0&#8243; row_padding_vertical=&#8220;60&#8243; row_padding_horizontal=&#8220;0&#8243; row_margin_vertical=&#8220;0&#8243; remove_element_spacing=&#8220;no&#8220; inner_column_height=&#8220;col-natural&#8220; width=&#8220;1\/1&#8243; el_position=&#8220;first last&#8220;] [blank_spacer height=&#8220;0px&#8220; spacer_id=&#8220;tische&#8220; width=&#8220;1\/1&#8243; el_position=&#8220;first last&#8220;] [spb_text_block pb_margin_bottom=&#8220;no&#8220; pb_border_bottom=&#8220;no&#8220; width=&#8220;1\/1&#8243; el_position=&#8220;first last&#8220;]\n<h1 style=\"text-align: center;\">Tische<\/h1>\n[\/spb_text_block] [spb_text_block pb_margin_bottom=&#8220;no&#8220; pb_border_bottom=&#8220;no&#8220; width=&#8220;2\/3&#8243; el_position=&#8220;first&#8220;]\n<p>Die Klapptische des Bierzeltgarnituren bieten eine ideale L\u00f6sung f\u00fcr alle Situationen, in denen eine\u00a0<strong>einfache und leichte,<\/strong>\u00a0aber \u00e4u\u00dferst\u00a0<strong>widerstandsf\u00e4hige und stabile<\/strong> Auflagefl\u00e4che erforderlich ist.<\/p>\n<p>Durch das System zum \u00d6ffnen und verriegeln durch Abz\u00fcge ist der brauertisch in einem augenblick einsatzbereit: <strong> Die Montage\/Demontage ist wirklich einfach und schnell,<\/strong><strong>\u00a0<\/strong> das geringe Gewicht gew\u00e4hrleistet eine bequeme Transportart, und der Klappmechanismus minimiert den Umriss, wenn er angesprochen werden muss.<\/p>\n<p>Die Tischplatte besteht aus laminiertem Fichtenholz mit transparentem Acryllack, drei Schichten im oberen Teil und an den Kanten sowie einer Hand im unteren Teil, um die Best\u00e4ndigkeit gegen\u00a0<strong>Witterungseinfl\u00fcsse<\/strong>\u00a0(z. B. Sonne, Wasser) und <strong>Konserven zu gew\u00e4hrleisten<\/strong>\u00a0Die Eigenschaften auch nach Kontakt mit Fl\u00fcssigkeiten (z. B. \u00d6l, Lebensmittel, Bier, Wein und alkoholfreien Getr\u00e4nken) und intensiver Nutzung durch die \u00d6ffentlichkeit, typisch f\u00fcr Partys, Festivals und Clubs wie Pubs, Bars und Trattorien. Die Dicke der Ebene betr\u00e4gt 2,5 cm und die R\u00e4nder sind rund. Die Traversen werden mit einem antimuffanzmittel behandelt.<\/p>\n<p>Die Tischbeine sind aus Eisen mit \u00f6kologischem Epoxidpulver gestrichen. Die Abz\u00fcge sind gelbes, verzinktes Eisen. Das Ganze ist so konzipiert und ausgef\u00fchrt, dass eine <strong>Verformung verhindert<\/strong>\u00a0und auch\u00a0<strong>bei h\u00f6heren Beanspruchungen Festigkeit und Stabilit\u00e4t gew\u00e4hrleistet wird<\/strong>.<\/p>\n<p>Die Oberfl\u00e4che kann mit einem einfachen feuchten Tuch gereinigt werden.<\/p>\n<p>Die Tische haben eine\u00a0<strong>Standardl\u00e4nge von 220 cm<\/strong>\u00a0und stehen in\u00a0<strong>verschiedenen Tiefen zur Verf\u00fcgung<\/strong>: 50, 67 e 80 cm.<\/p>\n<div class=\"five columns \"><\/div>\n[\/spb_text_block] [spb_text_block pb_margin_bottom=&#8220;no&#8220; pb_border_bottom=&#8220;no&#8220; width=&#8220;1\/3&#8243; el_position=&#8220;last&#8220;]\n<div>\n<h3 style=\"text-align: center;\">Tische<\/h3>\n<table>\n<tbody>\n<tr>\n<th>Abmessungen<\/th>\n<th>Gewicht KG<\/th>\n<\/tr>\n<tr>\n<td>50X220X2,5<\/td>\n<td>23<\/td>\n<\/tr>\n<tr>\n<td>67X220X2,5<\/td>\n<td>26,5<\/td>\n<\/tr>\n<tr>\n<td>80X220X2,5<\/td>\n<td>30<\/td>\n<\/tr>\n<\/tbody>\n<\/table>\n<\/div>\n<div class=\"five columns \"><\/div>\n[\/spb_text_block] [spb_text_block pb_margin_bottom=&#8220;no&#8220; pb_border_bottom=&#8220;no&#8220; el_class=&#8220;col-sm-offset-2&#8243; width=&#8220;2\/3&#8243; el_position=&#8220;first last&#8220;]\n<p><img loading=\"lazy\" decoding=\"async\" class=\"aligncenter size-full wp-image-388\" src=\"https:\/\/test.vierocomponents.com\/professionalgazebo\/wp-content\/uploads\/sites\/2\/OpenSpace_set_birreria01.jpg\" alt=\"\" width=\"809\" height=\"505\" srcset=\"https:\/\/professionalgazebo.com\/wp-content\/uploads\/sites\/2\/OpenSpace_set_birreria01.jpg 809w, https:\/\/professionalgazebo.com\/wp-content\/uploads\/sites\/2\/OpenSpace_set_birreria01-300x187.jpg 300w, https:\/\/professionalgazebo.com\/wp-content\/uploads\/sites\/2\/OpenSpace_set_birreria01-768x479.jpg 768w\" sizes=\"auto, (max-width: 809px) 100vw, 809px\" \/><\/p>\n[\/spb_text_block] [\/spb_row] [spb_row wrap_type=&#8220;content-width&#8220; row_bg_type=&#8220;image&#8220; color_row_height=&#8220;content-height&#8220; bg_type=&#8220;cover&#8220; parallax_image_height=&#8220;content-height&#8220; parallax_image_movement=&#8220;fixed&#8220; parallax_image_speed=&#8220;0.5&#8243; parallax_video_height=&#8220;window-height&#8220; parallax_video_overlay=&#8220;none&#8220; row_overlay_opacity=&#8220;0&#8243; row_padding_vertical=&#8220;60&#8243; row_padding_horizontal=&#8220;0&#8243; row_margin_vertical=&#8220;0&#8243; remove_element_spacing=&#8220;no&#8220; inner_column_height=&#8220;col-natural&#8220; width=&#8220;1\/1&#8243; el_position=&#8220;first last&#8220;] [blank_spacer height=&#8220;0px&#8220; spacer_id=&#8220;b\u00e4nke&#8220; width=&#8220;1\/1&#8243; el_position=&#8220;first last&#8220;] [spb_text_block pb_margin_bottom=&#8220;no&#8220; pb_border_bottom=&#8220;no&#8220; width=&#8220;1\/1&#8243; el_position=&#8220;first last&#8220;]\n<h1 style=\"text-align: center;\">B\u00e4nke<\/h1>\n[\/spb_text_block] [spb_text_block pb_margin_bottom=&#8220;no&#8220; pb_border_bottom=&#8220;no&#8220; width=&#8220;2\/3&#8243; el_position=&#8220;first&#8220;]\n<p>Biegsame B\u00e4nke sind\u00a0<strong>extrem leicht, aber gleichzeitig stabil<\/strong> und widerstandsf\u00e4hig und begleiten sich an den Tisch, um ein perfektes Bierzeltgarnituren zu bauen. Nach ihrer Verwendung k\u00f6nnen Sie leicht zusammengefaltet und mit dem Tisch zusammengeklappt werden, um\u00a0so <strong>wenig wie m\u00f6glich abzudecken<\/strong>.<\/p>\n<p>Aus 2.8 cm\u00a0<strong> dickem Holz mit lamellentanne<\/strong>\u00a0der Ebene, auf der die Bank sitzt, wird ein mehrseitiger Lack angebracht, um sicherzustellen, dass die Qualit\u00e4t des Holzes nach der Exposition gegen\u00fcber atmosph\u00e4rischen Einwirkungen und dem intensiven Einsatz in \u00f6ffentlichen R\u00e4umen einwandfrei erhalten bleibt. Die Rundkante schafft Harmonie mit dem Tisch und ist bei der Nutzung bequemer und sicherer.<\/p>\n<p>Beine und Abzug f\u00fcr die Verriegelung aus lackiertem, verzinktem Eisen und Stahl gew\u00e4hrleisten <strong>die unformbarkeit und Widerstandsf\u00e4higkeit der B\u00e4nke gegen\u00fcber den h\u00e4rtesten Beanspruchungen<\/strong>.<\/p>\n<p>Die Reinigung kann mit einem einfachen, weichen Tuch erfolgen, das mit Wasser oder mit neutralen Reinigungsmitteln befeuchtet wird.Wir empfehlen, keine L\u00f6sungsmittel zu verwenden, da dies die Schutzlackschicht besch\u00e4digen k\u00f6nnte.<\/p>\n[\/spb_text_block] [spb_text_block pb_margin_bottom=&#8220;no&#8220; pb_border_bottom=&#8220;no&#8220; width=&#8220;1\/3&#8243; el_position=&#8220;last&#8220;]\n<h3 style=\"text-align: center;\">B\u00e4nke<\/h3>\n<table>\n<tbody>\n<tr>\n<th>Abmessungen<\/th>\n<th>Gewicht KG<\/th>\n<\/tr>\n<tr>\n<td>25X220X2,8<\/td>\n<td>11,50\/cad<\/td>\n<\/tr>\n<\/tbody>\n<\/table>\n[\/spb_text_block] [\/spb_row] [spb_row wrap_type=&#8220;content-width&#8220; row_bg_type=&#8220;color&#8220; row_bg_color=&#8220;#f4f4f4&#8243; color_row_height=&#8220;content-height&#8220; bg_type=&#8220;cover&#8220; parallax_image_height=&#8220;content-height&#8220; parallax_image_movement=&#8220;fixed&#8220; parallax_image_speed=&#8220;0.5&#8243; parallax_video_height=&#8220;window-height&#8220; parallax_video_overlay=&#8220;none&#8220; row_overlay_opacity=&#8220;0&#8243; row_padding_vertical=&#8220;60&#8243; row_padding_horizontal=&#8220;0&#8243; row_margin_vertical=&#8220;0&#8243; remove_element_spacing=&#8220;no&#8220; inner_column_height=&#8220;col-natural&#8220; width=&#8220;1\/1&#8243; el_position=&#8220;first last&#8220;] [spb_text_block pb_margin_bottom=&#8220;no&#8220; pb_border_bottom=&#8220;no&#8220; el_class=&#8220;col-sm-offset-2&#8243; width=&#8220;2\/3&#8243; el_position=&#8220;first last&#8220;]\n<h2>Technische Daten<\/h2>\n<p><strong>Die Platten aus ausgesuchtem Fichtenholz,<\/strong>, das auf einen Feuchtigkeitsgehalt von 10% \u2013 12% getrocknet ist, werden von Leisten gebildet, die hochkant mit speziellen f\u00fcr den Au\u00dfenbereich geeigneten Melaminharzen geleimt werden. Sie sind beidseitig mit <strong>wasserabweisenden<\/strong>\u00a0und impr\u00e4gnierenden\u00a0<strong> Speziallacken behandelt<\/strong>. Durchfall\u00e4ste sind ausged\u00fcbelt, Harzgallen verspachelt.<\/p>\n<p>Robustes Metallgestell, dessen tragende Elemente mit elektrogeschwei\u00dften Winkeleisen der Ma\u00dfe mm 3x30x30 und abst\u00fctzenden Dreiecken aus Stahl \u00d8 10mm ausgef\u00fchrt sind, welche das Gestell\u00a0<strong>verformungsbest\u00e4ndig<\/strong>\u00a0machen. Das Ein- und Ausrastsystem ist schnell und einfach zu bedienen und mit tropenfester Oberfl\u00e4che versehen. Das epoxydpulverbeschichtete Metallgestell ist durch verzinkte Schrauben und selbstsicherende Muttern an den Holzplatten befestigt.<\/p>\n<div class=\"five columns \"><\/div>\n<div class=\"ten columns \">\n<h3>Kontaktieren Sie uns jetzt wegen mehr Informationen \u00fcber unsere Bierzeltgarnituren! Rufen Sie +0039 0424 533275 an oder senden Sie eine Nachricht \u00fcber das Formular, das Sie auf dieser Seite finden<\/h3>\n<\/div>\n[\/spb_text_block] [\/spb_row] [spb_row wrap_type=&#8220;content-width&#8220; row_bg_type=&#8220;image&#8220; color_row_height=&#8220;content-height&#8220; bg_type=&#8220;cover&#8220; parallax_image_height=&#8220;content-height&#8220; parallax_image_movement=&#8220;fixed&#8220; parallax_image_speed=&#8220;0.5&#8243; parallax_video_height=&#8220;window-height&#8220; parallax_video_overlay=&#8220;none&#8220; row_overlay_opacity=&#8220;0&#8243; row_padding_vertical=&#8220;60&#8243; row_padding_horizontal=&#8220;0&#8243; row_margin_vertical=&#8220;0&#8243; remove_element_spacing=&#8220;no&#8220; inner_column_height=&#8220;col-natural&#8220; width=&#8220;1\/1&#8243; el_position=&#8220;first last&#8220;] [spb_text_block pb_margin_bottom=&#8220;no&#8220; pb_border_bottom=&#8220;no&#8220; width=&#8220;1\/2&#8243; el_position=&#8220;first&#8220;]\n<h3 style=\"text-align: center;\">Technische Daten<\/h3>\n[\/spb_text_block] [spb_text_block pb_margin_bottom=&#8220;no&#8220; pb_border_bottom=&#8220;no&#8220; width=&#8220;1\/4&#8243;]\n<a class=\"sf-button standard accent standard \" href=\"https:\/\/professionalgazebo.com\/wp-content\/uploads\/sites\/2\/Schede_prodotto_tavolo.pdf\" target=\"_blank\"><span class=\"text\">Tische Technische Daten <\/span><\/a>\n[\/spb_text_block] [spb_text_block pb_margin_bottom=&#8220;no&#8220; pb_border_bottom=&#8220;no&#8220; width=&#8220;1\/4&#8243; el_position=&#8220;last&#8220;]\n<a class=\"sf-button standard accent standard \" href=\"https:\/\/professionalgazebo.com\/wp-content\/uploads\/sites\/2\/Schede_prodotto_panca_pieghevole.pdf\" target=\"_blank\"><span class=\"text\">B\u00e4nke Technische Daten<\/span><\/a>\n[\/spb_text_block] [\/spb_row]\n","protected":false},"excerpt":{"rendered":"<p>[spb_row wrap_type=&#8220;content-width&#8220; row_bg_type=&#8220;image&#8220; color_row_height=&#8220;content-height&#8220; bg_type=&#8220;cover&#8220; parallax_image_height=&#8220;content-height&#8220; parallax_image_movement=&#8220;fixed&#8220; parallax_image_speed=&#8220;0.5&#8243; parallax_video_height=&#8220;window-height&#8220; parallax_video_overlay=&#8220;none&#8220; row_overlay_opacity=&#8220;0&#8243; row_padding_vertical=&#8220;0&#8243; row_padding_horizontal=&#8220;0&#8243; row_margin_vertical=&#8220;0&#8243; remove_element_spacing=&#8220;no&#8220; inner_column_height=&#8220;col-natural&#8220; row_el_class=&#8220;heroboxes&#8220; width=&#8220;1\/1&#8243; el_position=&#8220;first last&#8220;] [blank_spacer height=&#8220;30px&#8220; width=&#8220;1\/4&#8243; el_position=&#8220;first&#8220;] [boxed_content type=&#8220;coloured&#8220; custom_bg_colour=&#8220;#F4F4F4&#8243; custom_text_colour=&#8220;#222222&#8243; pb_margin_bottom=&#8220;no&#8220; width=&#8220;1\/4&#8243;] Tische [\/boxed_content] [boxed_content type=&#8220;coloured&#8220; custom_bg_colour=&#8220;#F4F4F4&#8243; custom_text_colour=&#8220;#222222&#8243; pb_margin_bottom=&#8220;no&#8220; width=&#8220;1\/4&#8243; el_position=&#8220;last&#8220;] B\u00e4nke [\/boxed_content] [\/spb_row] [spb_row wrap_type=&#8220;content-width&#8220; row_bg_type=&#8220;image&#8220; color_row_height=&#8220;content-height&#8220; bg_type=&#8220;cover&#8220; parallax_image_height=&#8220;content-height&#8220; parallax_image_movement=&#8220;fixed&#8220; parallax_image_speed=&#8220;0.5&#8243; parallax_video_height=&#8220;window-height&#8220; parallax_video_overlay=&#8220;none&#8220; row_overlay_opacity=&#8220;0&#8243; row_padding_vertical=&#8220;60&#8243; row_padding_horizontal=&#8220;0&#8243; row_margin_vertical=&#8220;0&#8243; remove_element_spacing=&#8220;no&#8220; inner_column_height=&#8220;col-natural&#8220; width=&#8220;1\/1&#8243; el_position=&#8220;first [&hellip;]<\/p>\n","protected":false},"author":2,"featured_media":0,"parent":0,"menu_order":0,"comment_status":"closed","ping_status":"closed","template":"","meta":{"footnotes":""},"class_list":["post-1072","page","type-page","status-publish","hentry"],"_links":{"self":[{"href":"https:\/\/professionalgazebo.com\/de\/wp-json\/wp\/v2\/pages\/1072","targetHints":{"allow":["GET"]}}],"collection":[{"href":"https:\/\/professionalgazebo.com\/de\/wp-json\/wp\/v2\/pages"}],"about":[{"href":"https:\/\/professionalgazebo.com\/de\/wp-json\/wp\/v2\/types\/page"}],"author":[{"embeddable":true,"href":"https:\/\/professionalgazebo.com\/de\/wp-json\/wp\/v2\/users\/2"}],"replies":[{"embeddable":true,"href":"https:\/\/professionalgazebo.com\/de\/wp-json\/wp\/v2\/comments?post=1072"}],"version-history":[{"count":5,"href":"https:\/\/professionalgazebo.com\/de\/wp-json\/wp\/v2\/pages\/1072\/revisions"}],"predecessor-version":[{"id":3058,"href":"https:\/\/professionalgazebo.com\/de\/wp-json\/wp\/v2\/pages\/1072\/revisions\/3058"}],"wp:attachment":[{"href":"https:\/\/professionalgazebo.com\/de\/wp-json\/wp\/v2\/media?parent=1072"}],"curies":[{"name":"wp","href":"https:\/\/api.w.org\/{rel}","templated":true}]}}