{"id":1079,"date":"2019-05-15T18:39:20","date_gmt":"2019-05-15T16:39:20","guid":{"rendered":"https:\/\/professionalgazebo.com\/?page_id=1079"},"modified":"2019-05-16T11:13:30","modified_gmt":"2019-05-16T09:13:30","slug":"zertifikat","status":"publish","type":"page","link":"https:\/\/professionalgazebo.com\/de\/zertifikat\/","title":{"rendered":"Zertifikat"},"content":{"rendered":"[spb_row wrap_type=&#8220;content-width&#8220; row_bg_type=&#8220;image&#8220; row_bg_color=&#8220;#74040a&#8220; color_row_height=&#8220;content-height&#8220; bg_image=&#8220;183&#8243; bg_type=&#8220;cover&#8220; parallax_image_height=&#8220;content-height&#8220; parallax_image_movement=&#8220;stellar&#8220; parallax_image_speed=&#8220;0.5&#8243; parallax_video_height=&#8220;window-height&#8220; parallax_video_overlay=&#8220;color&#8220; row_overlay_opacity=&#8220;65&#8243; row_padding_vertical=&#8220;60&#8243; row_padding_horizontal=&#8220;0&#8243; row_margin_vertical=&#8220;0&#8243; remove_element_spacing=&#8220;no&#8220; inner_column_height=&#8220;col-natural&#8220; row_el_class=&#8220;head-row&#8220; width=&#8220;1\/1&#8243; el_position=&#8220;first last&#8220;] [blank_spacer height=&#8220;10vw&#8220; width=&#8220;1\/1&#8243; el_position=&#8220;first last&#8220;] [spb_text_block pb_margin_bottom=&#8220;no&#8220; pb_border_bottom=&#8220;no&#8220; width=&#8220;1\/1&#8243; el_position=&#8220;first last&#8220;]\n<h1 style=\"text-align: center\">Zertifikat<\/h1>\n<h2><\/h2>\n<h2 style=\"text-align: center\">Qualit\u00e4t durch Design<\/h2>\n[\/spb_text_block] [\/spb_row] [spb_row wrap_type=&#8220;content-width&#8220; row_bg_type=&#8220;image&#8220; color_row_height=&#8220;content-height&#8220; bg_type=&#8220;cover&#8220; parallax_image_height=&#8220;content-height&#8220; parallax_image_movement=&#8220;fixed&#8220; parallax_image_speed=&#8220;0.5&#8243; parallax_video_height=&#8220;window-height&#8220; parallax_video_overlay=&#8220;none&#8220; row_overlay_opacity=&#8220;0&#8243; row_padding_vertical=&#8220;60&#8243; row_padding_horizontal=&#8220;0&#8243; row_margin_vertical=&#8220;0&#8243; remove_element_spacing=&#8220;no&#8220; inner_column_height=&#8220;col-natural&#8220; width=&#8220;1\/1&#8243; el_position=&#8220;first last&#8220;] [spb_text_block pb_margin_bottom=&#8220;no&#8220; pb_border_bottom=&#8220;no&#8220; el_class=&#8220;col-sm-offset-2&#8243; width=&#8220;2\/3&#8243; el_position=&#8220;first last&#8220;]\n<h1><strong>QUALIT\u00c4TSPOLITIK<\/strong><\/h1>\n<p>&nbsp;<\/p>\n<p><strong>\u00a0<\/strong>Unsere Firma hat eine Qualit\u00e4tspolitik, die auf dem Risiko-basierten Ansatz basiert, der uns erlaubt:<\/p>\n<ul>\n<li>Schaffung einer proaktiven und nicht reaktiven Kultur der Verbesserung, Pr\u00e4vention muss zur Gewohnheit werden;<\/li>\n<li>das Vertrauen und die Zufriedenheit unserer Kunden steigern;<\/li>\n<li>costruire una consistente base di conoscenze e di fornire una maggiore preparazione;<\/li>\n<li>Aufbau einer umfassenden Wissensbasis und bessere Vorbereitung;<\/li>\n<li>die Wahrscheinlichkeit von schlechten Ergebnissen und Nebenwirkungen verringern;<\/li>\n<li>Gew\u00e4hrleistung einer einheitlichen Qualit\u00e4t der Waren und Dienstleistungen;<\/li>\n<li>die geltenden verbindlichen Anforderungen erf\u00fcllen, unabh\u00e4ngig davon, ob sie sich auf die angebotenen Produkte \/ Dienstleistungen und die Arbeitsumgebung beziehen.<\/li>\n<\/ul>\n<p>Um das oben Genannte anwenden zu k\u00f6nnen, verpflichtet sich die Gesch\u00e4ftsf\u00fchrung:<\/p>\n<ul>\n<li>den gesch\u00e4ftlichen Kontext analysieren, um Risiken und Chancen zu identifizieren;<\/li>\n<li>Festlegung von Priorit\u00e4ten f\u00fcr die identifizierten Risiken und Chancen;<\/li>\n<li>Ma\u00dfnahmen planen, um Risiken anzugehen und Chancen zu nutzen;<\/li>\n<li>Bereitstellung der notwendigen Ressourcen zur Umsetzung der Aktionspl\u00e4ne;<\/li>\n<li>\u00dcberwachung der Wirksamkeit der ergriffenen Ma\u00dfnahmen.<\/li>\n<\/ul>\n<p>Die Gesch\u00e4ftsf\u00fchrung fordert, dass alle Mitarbeiter die mit ihrem Arbeitsbereich verbundenen Qualit\u00e4tsrichtlinien und Arbeitsabl\u00e4ufe kennen, um ihre Inhalte anzuwenden und an der kontinuierlichen Weiterentwicklung und Verbesserung des Systems mitzuwirken, und zwar durch Vorschl\u00e4ge, die sie als ratsam erachten.<\/p>\n<p>Dieses Dokument wird in den R\u00e4umlichkeiten und auf der Internetseite angezeigt, um die darin enthaltenen Grunds\u00e4tze auf verschiedene Weise mit allen betroffenen Dritten \u00fcber die von unserem Unternehmen angebotenen Aktivit\u00e4ten und Dienstleistungen zu teilen.<\/p>\n<p>Genehmigt am 18\/09\/2017<\/p>\n<p><a href=\"https:\/\/www.vierocomponents.com\/professionalgazebo\/wp-content\/uploads\/sites\/2\/AL02_02Politica_qualita.pdf\"><strong>Laden Sie das PDF herunter<\/strong><\/a><\/p>\n[\/spb_text_block] [\/spb_row] [spb_row wrap_type=&#8220;content-width&#8220; row_bg_type=&#8220;image&#8220; color_row_height=&#8220;content-height&#8220; bg_type=&#8220;cover&#8220; parallax_image_height=&#8220;content-height&#8220; parallax_image_movement=&#8220;fixed&#8220; parallax_image_speed=&#8220;0.5&#8243; parallax_video_height=&#8220;window-height&#8220; parallax_video_overlay=&#8220;none&#8220; row_overlay_opacity=&#8220;0&#8243; row_padding_vertical=&#8220;60&#8243; row_padding_horizontal=&#8220;0&#8243; row_margin_vertical=&#8220;0&#8243; remove_element_spacing=&#8220;no&#8220; inner_column_height=&#8220;col-natural&#8220; width=&#8220;1\/1&#8243; el_position=&#8220;first last&#8220;] [spb_text_block pb_margin_bottom=&#8220;no&#8220; pb_border_bottom=&#8220;no&#8220; el_class=&#8220;col-sm-offset-2&#8243; width=&#8220;2\/3&#8243; el_position=&#8220;first last&#8220;]\n<h2>TUV Zertifikat<\/h2>\n<p><img loading=\"lazy\" decoding=\"async\" class=\"aligncenter size-full wp-image-246\" src=\"https:\/\/www.vierocomponents.com\/wp-content\/uploads\/certificato.jpg\" alt=\"certificato\" width=\"491\" height=\"181\" \/><\/p>\n<p><strong>Anwendungsbereich:<\/strong><\/p>\n<p>Design, Produktion und Vermarktung von Freizeitm\u00f6beln.<br \/>\nProduktion und Vermarktung von Zubeh\u00f6r f\u00fcr den Radsportbereich in Stahl, Aluminium und mechanischer Bearbeitung nach Kundenwunsch. St\u00e4ubeauflackierung im Auftrag Dritter.<\/p>\n<p><a href=\"http:\/\/www.vierocomponents.com\/wp-content\/uploads\/CertificatoVieroIT.pdf\">Zertifikat in Italienisch<\/a><\/p>\n<p><a href=\"http:\/\/www.vierocomponents.com\/wp-content\/uploads\/CertificatoVieroEN.pdf\">Zertifikat in Englisch<\/a><\/p>\n[\/spb_text_block] [\/spb_row]\n","protected":false},"excerpt":{"rendered":"<p>[spb_row wrap_type=&#8220;content-width&#8220; row_bg_type=&#8220;image&#8220; row_bg_color=&#8220;#74040a&#8220; color_row_height=&#8220;content-height&#8220; bg_image=&#8220;183&#8243; bg_type=&#8220;cover&#8220; parallax_image_height=&#8220;content-height&#8220; parallax_image_movement=&#8220;stellar&#8220; parallax_image_speed=&#8220;0.5&#8243; parallax_video_height=&#8220;window-height&#8220; parallax_video_overlay=&#8220;color&#8220; row_overlay_opacity=&#8220;65&#8243; row_padding_vertical=&#8220;60&#8243; row_padding_horizontal=&#8220;0&#8243; row_margin_vertical=&#8220;0&#8243; remove_element_spacing=&#8220;no&#8220; inner_column_height=&#8220;col-natural&#8220; row_el_class=&#8220;head-row&#8220; width=&#8220;1\/1&#8243; el_position=&#8220;first last&#8220;] [blank_spacer height=&#8220;10vw&#8220; width=&#8220;1\/1&#8243; el_position=&#8220;first last&#8220;] [spb_text_block pb_margin_bottom=&#8220;no&#8220; pb_border_bottom=&#8220;no&#8220; width=&#8220;1\/1&#8243; el_position=&#8220;first last&#8220;] Zertifikat Qualit\u00e4t durch Design [\/spb_text_block] [\/spb_row] [spb_row wrap_type=&#8220;content-width&#8220; row_bg_type=&#8220;image&#8220; color_row_height=&#8220;content-height&#8220; bg_type=&#8220;cover&#8220; parallax_image_height=&#8220;content-height&#8220; parallax_image_movement=&#8220;fixed&#8220; parallax_image_speed=&#8220;0.5&#8243; parallax_video_height=&#8220;window-height&#8220; parallax_video_overlay=&#8220;none&#8220; row_overlay_opacity=&#8220;0&#8243; row_padding_vertical=&#8220;60&#8243; row_padding_horizontal=&#8220;0&#8243; row_margin_vertical=&#8220;0&#8243; remove_element_spacing=&#8220;no&#8220; inner_column_height=&#8220;col-natural&#8220; width=&#8220;1\/1&#8243; el_position=&#8220;first last&#8220;] [spb_text_block pb_margin_bottom=&#8220;no&#8220; [&hellip;]<\/p>\n","protected":false},"author":2,"featured_media":0,"parent":0,"menu_order":0,"comment_status":"closed","ping_status":"closed","template":"","meta":{"footnotes":""},"class_list":["post-1079","page","type-page","status-publish","hentry"],"_links":{"self":[{"href":"https:\/\/professionalgazebo.com\/de\/wp-json\/wp\/v2\/pages\/1079","targetHints":{"allow":["GET"]}}],"collection":[{"href":"https:\/\/professionalgazebo.com\/de\/wp-json\/wp\/v2\/pages"}],"about":[{"href":"https:\/\/professionalgazebo.com\/de\/wp-json\/wp\/v2\/types\/page"}],"author":[{"embeddable":true,"href":"https:\/\/professionalgazebo.com\/de\/wp-json\/wp\/v2\/users\/2"}],"replies":[{"embeddable":true,"href":"https:\/\/professionalgazebo.com\/de\/wp-json\/wp\/v2\/comments?post=1079"}],"version-history":[{"count":3,"href":"https:\/\/professionalgazebo.com\/de\/wp-json\/wp\/v2\/pages\/1079\/revisions"}],"predecessor-version":[{"id":1122,"href":"https:\/\/professionalgazebo.com\/de\/wp-json\/wp\/v2\/pages\/1079\/revisions\/1122"}],"wp:attachment":[{"href":"https:\/\/professionalgazebo.com\/de\/wp-json\/wp\/v2\/media?parent=1079"}],"curies":[{"name":"wp","href":"https:\/\/api.w.org\/{rel}","templated":true}]}}