{"id":1110,"date":"2019-05-16T10:40:19","date_gmt":"2019-05-16T08:40:19","guid":{"rendered":"https:\/\/professionalgazebo.com\/?page_id=1110"},"modified":"2019-05-16T15:41:42","modified_gmt":"2019-05-16T13:41:42","slug":"home","status":"publish","type":"page","link":"https:\/\/professionalgazebo.com\/de\/","title":{"rendered":"Home"},"content":{"rendered":"[spb_row wrap_type=&#8220;content-width&#8220; row_bg_type=&#8220;color&#8220; row_bg_color=&#8220;#f4f4f4&#8243; color_row_height=&#8220;content-height&#8220; bg_type=&#8220;cover&#8220; parallax_image_height=&#8220;content-height&#8220; parallax_image_movement=&#8220;fixed&#8220; parallax_image_speed=&#8220;0.5&#8243; parallax_video_height=&#8220;window-height&#8220; parallax_video_overlay=&#8220;none&#8220; row_overlay_opacity=&#8220;0&#8243; row_padding_vertical=&#8220;60&#8243; row_padding_horizontal=&#8220;0&#8243; row_margin_vertical=&#8220;0&#8243; remove_element_spacing=&#8220;no&#8220; inner_column_height=&#8220;col-natural&#8220; width=&#8220;1\/1&#8243; el_position=&#8220;first last&#8220;] [spb_text_block pb_margin_bottom=&#8220;no&#8220; pb_border_bottom=&#8220;no&#8220; width=&#8220;1\/1&#8243; el_position=&#8220;first last&#8220;]\n<h1 style=\"text-align: center\">Open Space<\/h1>\n<h2><\/h2>\n<h2 style=\"text-align: center\">Die optimale L\u00f6sung f\u00fcr alle F\u00e4lle: von Veranstaltungen \u00fcber Wochenm\u00e4rkte, Messen und Volksfeste bis hin zu Partys unter freiem Himmel<\/h2>\n<p>&nbsp;<\/p>\n[\/spb_text_block] [spb_text_block pb_margin_bottom=&#8220;no&#8220; pb_border_bottom=&#8220;no&#8220; width=&#8220;1\/3&#8243; el_position=&#8220;first&#8220;]\n<h5><img loading=\"lazy\" decoding=\"async\" class=\"aligncenter size-full wp-image-328\" src=\"https:\/\/www.vierocomponents.com\/professionalgazebo\/wp-content\/uploads\/sites\/2\/Viero_gazebo_home.png\" alt=\"\" width=\"220\" height=\"159\" \/><\/h5>\n<h3 style=\"text-align: center\"><a href=\"\/de\/pavillons\/\">Pavillons<\/a><\/h3>\n<p style=\"text-align: center\">Pavillons f\u00fcr Events, Veranstaltungen, Wochenm\u00e4rkte, Messen und Volksfeste<\/p>\n[\/spb_text_block] [spb_text_block pb_margin_bottom=&#8220;no&#8220; pb_border_bottom=&#8220;no&#8220; width=&#8220;1\/3&#8243;]\n<h5><img loading=\"lazy\" decoding=\"async\" class=\"aligncenter size-full wp-image-329\" src=\"https:\/\/www.vierocomponents.com\/professionalgazebo\/wp-content\/uploads\/sites\/2\/Viero_Set_birreria_home.png\" alt=\"\" width=\"220\" height=\"159\" \/><\/h5>\n<h3 style=\"text-align: center\"><a href=\"\/de\/bierzeltgarnitur\/\">Bierzeltgarnitur<\/a><\/h3>\n<p style=\"text-align: center\">Aufklappbare Tische und B\u00e4nke f\u00fcr Volksfeste, Messen, Bierfeste<\/p>\n[\/spb_text_block] [spb_text_block pb_margin_bottom=&#8220;no&#8220; pb_border_bottom=&#8220;no&#8220; width=&#8220;1\/3&#8243; el_position=&#8220;last&#8220;]\n<h5><img loading=\"lazy\" decoding=\"async\" class=\"aligncenter size-full wp-image-330\" src=\"https:\/\/www.vierocomponents.com\/professionalgazebo\/wp-content\/uploads\/sites\/2\/Viero_accessori_home.png\" alt=\"\" width=\"220\" height=\"159\" \/><\/h5>\n<h3 style=\"text-align: center\"><a href=\"\/de\/zubehor\/\">Zubeh\u00f6r f\u00fcr Pavillon und Bierzeltgarnitur<\/a><\/h3>\n<p style=\"text-align: center\">Das beste Zubeh\u00f6r zur Anpassung unserer Produkte an Ihre Anforderungen<\/p>\n[\/spb_text_block] [\/spb_row] [spb_row wrap_type=&#8220;content-width&#8220; row_bg_type=&#8220;image&#8220; color_row_height=&#8220;content-height&#8220; bg_type=&#8220;cover&#8220; parallax_image_height=&#8220;content-height&#8220; parallax_image_movement=&#8220;fixed&#8220; parallax_image_speed=&#8220;0.5&#8243; parallax_video_height=&#8220;window-height&#8220; parallax_video_overlay=&#8220;none&#8220; row_overlay_opacity=&#8220;0&#8243; row_padding_vertical=&#8220;60&#8243; row_padding_horizontal=&#8220;0&#8243; row_margin_vertical=&#8220;0&#8243; remove_element_spacing=&#8220;no&#8220; inner_column_height=&#8220;col-natural&#8220; width=&#8220;1\/1&#8243; el_position=&#8220;first last&#8220;] [spb_text_block pb_margin_bottom=&#8220;no&#8220; pb_border_bottom=&#8220;no&#8220; width=&#8220;1\/1&#8243; el_position=&#8220;first last&#8220;]\n<h1 style=\"text-align: center\">Profis im Freien<\/h1>\n<p>&nbsp;<\/p>\n[\/spb_text_block] [spb_text_block pb_margin_bottom=&#8220;no&#8220; pb_border_bottom=&#8220;no&#8220; width=&#8220;1\/3&#8243; el_position=&#8220;first&#8220;]\n<h2><img loading=\"lazy\" decoding=\"async\" class=\"aligncenter wp-image-370 size-full\" src=\"https:\/\/www.vierocomponents.com\/professionalgazebo\/wp-content\/uploads\/sites\/2\/Gazebo-resistente.png\" alt=\"\" width=\"100\" height=\"100\" srcset=\"https:\/\/professionalgazebo.com\/wp-content\/uploads\/sites\/2\/Gazebo-resistente.png 200w, https:\/\/professionalgazebo.com\/wp-content\/uploads\/sites\/2\/Gazebo-resistente-150x150.png 150w\" sizes=\"auto, (max-width: 100px) 100vw, 100px\" \/><\/h2>\n<h2 style=\"text-align: center\">Qualit\u00e4t<\/h2>\n<p>Die Produkte OPEN SPACE sind aus erstklassigen Materialien hergestellt, die wegen ihrer Best\u00e4ndigkeit auch unter erschwerten Bedingungen lange halten.<\/p>\n[\/spb_text_block] [spb_text_block pb_margin_bottom=&#8220;no&#8220; pb_border_bottom=&#8220;no&#8220; width=&#8220;1\/3&#8243;]\n<h2><img loading=\"lazy\" decoding=\"async\" class=\"aligncenter wp-image-371 size-full\" src=\"https:\/\/www.vierocomponents.com\/professionalgazebo\/wp-content\/uploads\/sites\/2\/Gazebo-veloce.png\" alt=\"\" width=\"100\" height=\"100\" srcset=\"https:\/\/professionalgazebo.com\/wp-content\/uploads\/sites\/2\/Gazebo-veloce.png 200w, https:\/\/professionalgazebo.com\/wp-content\/uploads\/sites\/2\/Gazebo-veloce-150x150.png 150w\" sizes=\"auto, (max-width: 100px) 100vw, 100px\" \/><\/h2>\n<h2 style=\"text-align: center\">Leichte Handhabung<\/h2>\n<p>In nur einer Minute kann der Pavillon OPEN SPACE von einer einzelnen Person aufgebaut werden. Das Baukastenprinzip, die Teleskopverstellung und die z\u00fcgige Montage gestatten es, in kurzer Zeit auch gr\u00f6\u00dfere Fl\u00e4chen zu bedecken.<\/p>\n[\/spb_text_block] [spb_text_block pb_margin_bottom=&#8220;no&#8220; pb_border_bottom=&#8220;no&#8220; width=&#8220;1\/3&#8243; el_position=&#8220;last&#8220;]\n<h2><img loading=\"lazy\" decoding=\"async\" class=\"aligncenter wp-image-368 size-full\" src=\"https:\/\/www.vierocomponents.com\/professionalgazebo\/wp-content\/uploads\/sites\/2\/Gazebo-accessoriato.png\" alt=\"\" width=\"100\" height=\"100\" srcset=\"https:\/\/professionalgazebo.com\/wp-content\/uploads\/sites\/2\/Gazebo-accessoriato.png 200w, https:\/\/professionalgazebo.com\/wp-content\/uploads\/sites\/2\/Gazebo-accessoriato-150x150.png 150w\" sizes=\"auto, (max-width: 100px) 100vw, 100px\" \/><\/h2>\n<h2 style=\"text-align: center\">Kundendienst<\/h2>\n<p>Wenden Sie sich an unseren Kundendienst, der Sie bei der Wahl des optimal auf Ihre Gegebenheiten abgestimmten Produktes Schritt f\u00fcr Schritt begleitet.<\/p>\n[\/spb_text_block] [\/spb_row]\n","protected":false},"excerpt":{"rendered":"<p>[spb_row wrap_type=&#8220;content-width&#8220; row_bg_type=&#8220;color&#8220; row_bg_color=&#8220;#f4f4f4&#8243; color_row_height=&#8220;content-height&#8220; bg_type=&#8220;cover&#8220; parallax_image_height=&#8220;content-height&#8220; parallax_image_movement=&#8220;fixed&#8220; parallax_image_speed=&#8220;0.5&#8243; parallax_video_height=&#8220;window-height&#8220; parallax_video_overlay=&#8220;none&#8220; row_overlay_opacity=&#8220;0&#8243; row_padding_vertical=&#8220;60&#8243; row_padding_horizontal=&#8220;0&#8243; row_margin_vertical=&#8220;0&#8243; remove_element_spacing=&#8220;no&#8220; inner_column_height=&#8220;col-natural&#8220; width=&#8220;1\/1&#8243; el_position=&#8220;first last&#8220;] [spb_text_block pb_margin_bottom=&#8220;no&#8220; pb_border_bottom=&#8220;no&#8220; width=&#8220;1\/1&#8243; el_position=&#8220;first last&#8220;] Open Space Die optimale L\u00f6sung f\u00fcr alle F\u00e4lle: von Veranstaltungen \u00fcber Wochenm\u00e4rkte, Messen und Volksfeste bis hin zu Partys unter freiem Himmel &nbsp; [\/spb_text_block] [spb_text_block pb_margin_bottom=&#8220;no&#8220; pb_border_bottom=&#8220;no&#8220; width=&#8220;1\/3&#8243; el_position=&#8220;first&#8220;] Pavillons Pavillons f\u00fcr Events, Veranstaltungen, [&hellip;]<\/p>\n","protected":false},"author":2,"featured_media":0,"parent":0,"menu_order":0,"comment_status":"closed","ping_status":"closed","template":"","meta":{"footnotes":""},"class_list":["post-1110","page","type-page","status-publish","hentry"],"_links":{"self":[{"href":"https:\/\/professionalgazebo.com\/de\/wp-json\/wp\/v2\/pages\/1110","targetHints":{"allow":["GET"]}}],"collection":[{"href":"https:\/\/professionalgazebo.com\/de\/wp-json\/wp\/v2\/pages"}],"about":[{"href":"https:\/\/professionalgazebo.com\/de\/wp-json\/wp\/v2\/types\/page"}],"author":[{"embeddable":true,"href":"https:\/\/professionalgazebo.com\/de\/wp-json\/wp\/v2\/users\/2"}],"replies":[{"embeddable":true,"href":"https:\/\/professionalgazebo.com\/de\/wp-json\/wp\/v2\/comments?post=1110"}],"version-history":[{"count":3,"href":"https:\/\/professionalgazebo.com\/de\/wp-json\/wp\/v2\/pages\/1110\/revisions"}],"predecessor-version":[{"id":1198,"href":"https:\/\/professionalgazebo.com\/de\/wp-json\/wp\/v2\/pages\/1110\/revisions\/1198"}],"wp:attachment":[{"href":"https:\/\/professionalgazebo.com\/de\/wp-json\/wp\/v2\/media?parent=1110"}],"curies":[{"name":"wp","href":"https:\/\/api.w.org\/{rel}","templated":true}]}}