{"id":1114,"date":"2019-05-16T10:58:29","date_gmt":"2019-05-16T08:58:29","guid":{"rendered":"https:\/\/professionalgazebo.com\/?page_id=1114"},"modified":"2019-05-16T10:58:29","modified_gmt":"2019-05-16T08:58:29","slug":"kontakte","status":"publish","type":"page","link":"https:\/\/professionalgazebo.com\/de\/kontakte\/","title":{"rendered":"Kontakte"},"content":{"rendered":"[spb_row wrap_type=&#8220;content-width&#8220; row_bg_type=&#8220;image&#8220; row_bg_color=&#8220;#74040a&#8220; color_row_height=&#8220;content-height&#8220; bg_image=&#8220;511&#8243; bg_type=&#8220;cover&#8220; parallax_image_height=&#8220;content-height&#8220; parallax_image_movement=&#8220;stellar&#8220; parallax_image_speed=&#8220;0.5&#8243; parallax_video_height=&#8220;window-height&#8220; parallax_video_overlay=&#8220;color&#8220; row_overlay_opacity=&#8220;35&#8243; row_padding_vertical=&#8220;60&#8243; row_padding_horizontal=&#8220;0&#8243; row_margin_vertical=&#8220;0&#8243; remove_element_spacing=&#8220;no&#8220; inner_column_height=&#8220;col-natural&#8220; row_el_class=&#8220;head-row&#8220; width=&#8220;1\/1&#8243; el_position=&#8220;first last&#8220;] [blank_spacer height=&#8220;10vw&#8220; width=&#8220;1\/1&#8243; el_position=&#8220;first last&#8220;] [spb_text_block pb_margin_bottom=&#8220;no&#8220; pb_border_bottom=&#8220;no&#8220; width=&#8220;1\/1&#8243; el_position=&#8220;first last&#8220;]\n<h1 style=\"text-align: center\">Kontaktieren Sie uns<\/h1>\n<h2><\/h2>\n<h2 style=\"text-align: center\">Wir haben schon was Sie brauchen<\/h2>\n[\/spb_text_block] [\/spb_row] [spb_row wrap_type=&#8220;content-width&#8220; row_bg_type=&#8220;image&#8220; color_row_height=&#8220;content-height&#8220; bg_type=&#8220;cover&#8220; parallax_image_height=&#8220;content-height&#8220; parallax_image_movement=&#8220;fixed&#8220; parallax_image_speed=&#8220;0.5&#8243; parallax_video_height=&#8220;window-height&#8220; parallax_video_overlay=&#8220;none&#8220; row_overlay_opacity=&#8220;0&#8243; row_padding_vertical=&#8220;60&#8243; row_padding_horizontal=&#8220;0&#8243; row_margin_vertical=&#8220;0&#8243; remove_element_spacing=&#8220;no&#8220; inner_column_height=&#8220;col-natural&#8220; width=&#8220;1\/1&#8243; el_position=&#8220;first last&#8220;] [spb_text_block pb_margin_bottom=&#8220;no&#8220; pb_border_bottom=&#8220;no&#8220; width=&#8220;1\/1&#8243; el_position=&#8220;first last&#8220;]\n<h3 style=\"text-align: center\">Der direkte Kontakt zum Kunden, um gemeinsam neue ma\u00dfgeschneiderte L\u00f6sungen zu finden, ist unsere St\u00e4rke.<\/h3>\n<h2 style=\"text-align: center\">F\u00fcllen Sie das Formular aus und wir werden sofort antworten<\/h2>\n[\/spb_text_block] [boxed_content type=&#8220;coloured&#8220; custom_bg_colour=&#8220;#F4F4F4&#8243; custom_text_colour=&#8220;#222222&#8243; pb_margin_bottom=&#8220;no&#8220; width=&#8220;1\/2&#8243; el_position=&#8220;first last&#8220;]\n<h2>Viero Srl<\/h2>\n<p>Via Loria, 21<br \/>\n36022 Cassola (Vi) Italy<br \/>\ntel. +39 0424 533275<br \/>\nemail.\u00a0<a href=\"mailto:info@professionalgazebo.com\">info@professionalgazebo.com<\/a><\/p>\n[\/boxed_content] [\/spb_row] [spb_gmaps address=&#8220;Via Loria 21, 36022 Cassola&#8220; size=&#8220;300&#8243; type=&#8220;ROADMAP&#8220; zoom=&#8220;10&#8243; color=&#8220;#E71F06&#8243; saturation=&#8220;color&#8220; fullscreen=&#8220;yes&#8220; width=&#8220;1\/1&#8243; el_position=&#8220;first last&#8220;]\n","protected":false},"excerpt":{"rendered":"<p>[spb_row wrap_type=&#8220;content-width&#8220; row_bg_type=&#8220;image&#8220; row_bg_color=&#8220;#74040a&#8220; color_row_height=&#8220;content-height&#8220; bg_image=&#8220;511&#8243; bg_type=&#8220;cover&#8220; parallax_image_height=&#8220;content-height&#8220; parallax_image_movement=&#8220;stellar&#8220; parallax_image_speed=&#8220;0.5&#8243; parallax_video_height=&#8220;window-height&#8220; parallax_video_overlay=&#8220;color&#8220; row_overlay_opacity=&#8220;35&#8243; row_padding_vertical=&#8220;60&#8243; row_padding_horizontal=&#8220;0&#8243; row_margin_vertical=&#8220;0&#8243; remove_element_spacing=&#8220;no&#8220; inner_column_height=&#8220;col-natural&#8220; row_el_class=&#8220;head-row&#8220; width=&#8220;1\/1&#8243; el_position=&#8220;first last&#8220;] [blank_spacer height=&#8220;10vw&#8220; width=&#8220;1\/1&#8243; el_position=&#8220;first last&#8220;] [spb_text_block pb_margin_bottom=&#8220;no&#8220; pb_border_bottom=&#8220;no&#8220; width=&#8220;1\/1&#8243; el_position=&#8220;first last&#8220;] Kontaktieren Sie uns Wir haben schon was Sie brauchen [\/spb_text_block] [\/spb_row] [spb_row wrap_type=&#8220;content-width&#8220; row_bg_type=&#8220;image&#8220; color_row_height=&#8220;content-height&#8220; bg_type=&#8220;cover&#8220; parallax_image_height=&#8220;content-height&#8220; parallax_image_movement=&#8220;fixed&#8220; parallax_image_speed=&#8220;0.5&#8243; parallax_video_height=&#8220;window-height&#8220; parallax_video_overlay=&#8220;none&#8220; row_overlay_opacity=&#8220;0&#8243; row_padding_vertical=&#8220;60&#8243; row_padding_horizontal=&#8220;0&#8243; row_margin_vertical=&#8220;0&#8243; remove_element_spacing=&#8220;no&#8220; inner_column_height=&#8220;col-natural&#8220; [&hellip;]<\/p>\n","protected":false},"author":2,"featured_media":0,"parent":0,"menu_order":0,"comment_status":"closed","ping_status":"closed","template":"","meta":{"footnotes":""},"class_list":["post-1114","page","type-page","status-publish","hentry"],"_links":{"self":[{"href":"https:\/\/professionalgazebo.com\/de\/wp-json\/wp\/v2\/pages\/1114","targetHints":{"allow":["GET"]}}],"collection":[{"href":"https:\/\/professionalgazebo.com\/de\/wp-json\/wp\/v2\/pages"}],"about":[{"href":"https:\/\/professionalgazebo.com\/de\/wp-json\/wp\/v2\/types\/page"}],"author":[{"embeddable":true,"href":"https:\/\/professionalgazebo.com\/de\/wp-json\/wp\/v2\/users\/2"}],"replies":[{"embeddable":true,"href":"https:\/\/professionalgazebo.com\/de\/wp-json\/wp\/v2\/comments?post=1114"}],"version-history":[{"count":2,"href":"https:\/\/professionalgazebo.com\/de\/wp-json\/wp\/v2\/pages\/1114\/revisions"}],"predecessor-version":[{"id":1117,"href":"https:\/\/professionalgazebo.com\/de\/wp-json\/wp\/v2\/pages\/1114\/revisions\/1117"}],"wp:attachment":[{"href":"https:\/\/professionalgazebo.com\/de\/wp-json\/wp\/v2\/media?parent=1114"}],"curies":[{"name":"wp","href":"https:\/\/api.w.org\/{rel}","templated":true}]}}