{"id":927,"date":"2019-05-15T17:05:51","date_gmt":"2019-05-15T15:05:51","guid":{"rendered":"https:\/\/professionalgazebo.com\/?page_id=927"},"modified":"2019-05-16T15:42:15","modified_gmt":"2019-05-16T13:42:15","slug":"uber-uns","status":"publish","type":"page","link":"https:\/\/professionalgazebo.com\/de\/uber-uns\/","title":{"rendered":"\u00dcber uns"},"content":{"rendered":"[spb_row wrap_type=&#8220;content-width&#8220; row_bg_type=&#8220;image&#8220; row_bg_color=&#8220;#ffffff&#8220; color_row_height=&#8220;content-height&#8220; bg_image=&#8220;300&#8243; bg_type=&#8220;cover&#8220; parallax_image_height=&#8220;content-height&#8220; parallax_image_movement=&#8220;scroll&#8220; parallax_image_speed=&#8220;0.5&#8243; parallax_video_height=&#8220;window-height&#8220; parallax_video_overlay=&#8220;color&#8220; row_overlay_opacity=&#8220;25&#8243; row_padding_vertical=&#8220;60&#8243; row_padding_horizontal=&#8220;0&#8243; row_margin_vertical=&#8220;0&#8243; remove_element_spacing=&#8220;no&#8220; inner_column_height=&#8220;col-natural&#8220; row_el_class=&#8220;head-row&#8220; width=&#8220;1\/1&#8243; el_position=&#8220;first last&#8220;] [blank_spacer height=&#8220;10vh&#8220; width=&#8220;1\/1&#8243; el_position=&#8220;first last&#8220;] [spb_text_block pb_margin_bottom=&#8220;no&#8220; pb_border_bottom=&#8220;no&#8220; width=&#8220;1\/1&#8243; el_position=&#8220;first last&#8220;]\n<h1 style=\"text-align: center\">\u00dcber uns<\/h1>\n<h2><\/h2>\n<h2 style=\"text-align: center\">Technologie und Innovation.<\/h2>\n[\/spb_text_block] [\/spb_row] [spb_row wrap_type=&#8220;content-width&#8220; row_bg_type=&#8220;image&#8220; color_row_height=&#8220;content-height&#8220; bg_type=&#8220;cover&#8220; parallax_image_height=&#8220;content-height&#8220; parallax_image_movement=&#8220;fixed&#8220; parallax_image_speed=&#8220;0.5&#8243; parallax_video_height=&#8220;window-height&#8220; parallax_video_overlay=&#8220;none&#8220; row_overlay_opacity=&#8220;0&#8243; row_padding_vertical=&#8220;60&#8243; row_padding_horizontal=&#8220;0&#8243; row_margin_vertical=&#8220;0&#8243; remove_element_spacing=&#8220;no&#8220; inner_column_height=&#8220;col-natural&#8220; width=&#8220;1\/1&#8243; el_position=&#8220;first last&#8220;] [spb_text_block pb_margin_bottom=&#8220;no&#8220; pb_border_bottom=&#8220;no&#8220; el_class=&#8220;col-sm-offset-2&#8243; width=&#8220;2\/3&#8243; el_position=&#8220;first last&#8220;]\n<h2 style=\"text-align: center\">Technologie und Innovation<\/h2>\n<p>Schlagw\u00f6rter, die uns den K\u00f6nigsweg unserer Geschichte gewiesen haben. Das st\u00e4ndige Trachten nach der besseren, nach der schnelleren Arbeitsweise. Und alles mit dem Ziel, bei gleichzeitiger Kostenkontrolle stets ein Spitzenprodukt zu liefern. Seit Jahren testet unser Haus, wie seine Ideen auf dem Markt ankommen.<br \/>\nDabei hat es sich im Freizeitbereich mit \u00e4u\u00dferst hochwertigen Pavillons und Bierzeltgarnituren durchsetzen k\u00f6nnen.\u2028 Die f\u00fcr den gewerblichen Gebrauch bestimmten Pavillons OPEN SPACE lassen sich schnell \u00f6ffnen, sind in verschiedenen Gr\u00f6\u00dfen erh\u00e4ltlich und werden durch individuelle Beschriftungen und Logos zu Werbetr\u00e4gern, die sofort ins Auge fallen.<\/p>\n<p>Dar\u00fcber ist eine gro\u00dfe Zubeh\u00f6rauswahl erh\u00e4ltlich, etwa Vollw\u00e4nde mit T\u00fcr oder Fenster, Beschwerungsplatten, Regenrinnen oder Ausschanktische aus Aluminium.<br \/>\nDas feuerhemmende Polyestergewebe ist silikonbeschichtet und in mehreren Farben erh\u00e4ltlich.<\/p>\n<p>Um mehr \u00fcber uns zu erfahren, besuchen Sie bitte die Firmenwebsite <a href=\"http:\/\/www.vierocomponents.com\">www.vierocomponents.com<\/a><\/p>\n[\/spb_text_block] [\/spb_row] [spb_row wrap_type=&#8220;content-width&#8220; row_bg_type=&#8220;image&#8220; color_row_height=&#8220;content-height&#8220; bg_type=&#8220;cover&#8220; parallax_image_height=&#8220;content-height&#8220; parallax_image_movement=&#8220;fixed&#8220; parallax_image_speed=&#8220;0.5&#8243; parallax_video_height=&#8220;window-height&#8220; parallax_video_overlay=&#8220;none&#8220; row_overlay_opacity=&#8220;0&#8243; row_padding_vertical=&#8220;60&#8243; row_padding_horizontal=&#8220;0&#8243; row_margin_vertical=&#8220;0&#8243; remove_element_spacing=&#8220;no&#8220; inner_column_height=&#8220;col-natural&#8220; width=&#8220;1\/1&#8243; el_position=&#8220;first last&#8220;] [spb_text_block pb_margin_bottom=&#8220;no&#8220; pb_border_bottom=&#8220;no&#8220; el_class=&#8220;col-sm-offset-2&#8243; width=&#8220;2\/3&#8243; el_position=&#8220;first last&#8220;]\n<h2 style=\"text-align: center\">Zertifikat<\/h2>\n<p style=\"text-align: center\"><strong>\u00a0<\/strong>Unser Unternehmen beabsichtigt, eine Qualit\u00e4tspolitik zu \u00fcbernehmen, die sich an den risikobasierten Ansatz richtet.<\/p>\n<p>&nbsp;<\/p>\n<p style=\"text-align: center\"><a class=\"sf-button standard accent standard \" href=\"\/de\/certificate\/\" target=\"_self\"><span class=\"text\">Siehe unsere Qualit\u00e4tspolitik<\/span><\/a><\/p>\n[\/spb_text_block] [\/spb_row] [spb_row wrap_type=&#8220;content-width&#8220; row_bg_type=&#8220;color&#8220; row_bg_color=&#8220;#f4f4f4&#8243; color_row_height=&#8220;content-height&#8220; bg_type=&#8220;cover&#8220; parallax_image_height=&#8220;content-height&#8220; parallax_image_movement=&#8220;fixed&#8220; parallax_image_speed=&#8220;0.5&#8243; parallax_video_height=&#8220;window-height&#8220; parallax_video_overlay=&#8220;none&#8220; row_overlay_opacity=&#8220;0&#8243; row_padding_vertical=&#8220;60&#8243; row_padding_horizontal=&#8220;0&#8243; row_margin_vertical=&#8220;0&#8243; remove_element_spacing=&#8220;no&#8220; inner_column_height=&#8220;col-natural&#8220; width=&#8220;1\/1&#8243; el_position=&#8220;first last&#8220;] [sf_gallery gallery_id=&#8220;136&#8243; slider_transition=&#8220;fade&#8220; show_thumbs=&#8220;no&#8220; autoplay=&#8220;yes&#8220; show_captions=&#8220;no&#8220; enable_lightbox=&#8220;no&#8220; el_class=&#8220;col-sm-10 col-sm-offset-1&#8243; width=&#8220;1\/1&#8243; el_position=&#8220;first last&#8220;] [\/spb_row] [spb_row wrap_type=&#8220;content-width&#8220; row_bg_type=&#8220;image&#8220; row_bg_color=&#8220;#74040a&#8220; color_row_height=&#8220;content-height&#8220; bg_image=&#8220;182&#8243; bg_type=&#8220;cover&#8220; parallax_image_height=&#8220;content-height&#8220; parallax_image_movement=&#8220;stellar&#8220; parallax_image_speed=&#8220;0.5&#8243; parallax_video_height=&#8220;window-height&#8220; parallax_video_overlay=&#8220;color&#8220; row_overlay_opacity=&#8220;85&#8243; row_padding_vertical=&#8220;60&#8243; row_padding_horizontal=&#8220;0&#8243; row_margin_vertical=&#8220;0&#8243; remove_element_spacing=&#8220;no&#8220; inner_column_height=&#8220;col-natural&#8220; width=&#8220;1\/1&#8243; el_position=&#8220;first last&#8220;] [spb_text_block pb_margin_bottom=&#8220;no&#8220; pb_border_bottom=&#8220;no&#8220; el_class=&#8220;col-sm-offset-2&#8243; width=&#8220;2\/3&#8243; el_position=&#8220;first last&#8220;]\n<h2 style=\"text-align: center\"><span style=\"color: #ffffff\">OpenSpace<\/span><\/h2>\n<p style=\"text-align: left\"><span style=\"color: #ffffff\">Die optimale L\u00f6sung f\u00fcr alle F\u00e4lle: von Veranstaltungen \u00fcber Wochenm\u00e4rkte, Messen und Volksfeste bis hin zu Partys unter freiem Himmel.<\/span><\/p>\n[\/spb_text_block] [\/spb_row] [spb_row wrap_type=&#8220;content-width&#8220; row_bg_type=&#8220;color&#8220; row_bg_color=&#8220;#f4f4f4&#8243; color_row_height=&#8220;content-height&#8220; bg_type=&#8220;cover&#8220; parallax_image_height=&#8220;content-height&#8220; parallax_image_movement=&#8220;fixed&#8220; parallax_image_speed=&#8220;0.5&#8243; parallax_video_height=&#8220;window-height&#8220; parallax_video_overlay=&#8220;none&#8220; row_overlay_opacity=&#8220;0&#8243; row_padding_vertical=&#8220;60&#8243; row_padding_horizontal=&#8220;0&#8243; row_margin_vertical=&#8220;0&#8243; remove_element_spacing=&#8220;no&#8220; inner_column_height=&#8220;col-natural&#8220; width=&#8220;1\/1&#8243; el_position=&#8220;first last&#8220;] [spb_text_block pb_margin_bottom=&#8220;no&#8220; pb_border_bottom=&#8220;no&#8220; width=&#8220;1\/1&#8243; el_position=&#8220;first last&#8220;]\n<h2 style=\"text-align: center\">Unsere Produkte<\/h2>\n<p>&nbsp;<\/p>\n[\/spb_text_block] [spb_text_block pb_margin_bottom=&#8220;no&#8220; pb_border_bottom=&#8220;no&#8220; width=&#8220;1\/3&#8243; el_position=&#8220;first&#8220;]\n<h5><img loading=\"lazy\" decoding=\"async\" class=\"aligncenter size-full wp-image-328\" src=\"https:\/\/test.vierocomponents.com\/professionalgazebo\/wp-content\/uploads\/sites\/2\/Viero_gazebo_home.png\" alt=\"\" width=\"220\" height=\"159\" \/><\/h5>\n<h3 style=\"text-align: center\"><a href=\"\/de\/pavillons\/\">Pavillon<\/a><\/h3>\n<p style=\"text-align: center\">Pavillon f\u00fcr Events, Veranstaltungen, Wochenm\u00e4rkte, Messen und Volksfeste<\/p>\n[\/spb_text_block] [spb_text_block pb_margin_bottom=&#8220;no&#8220; pb_border_bottom=&#8220;no&#8220; width=&#8220;1\/3&#8243;]\n<h5><img loading=\"lazy\" decoding=\"async\" class=\"aligncenter size-full wp-image-329\" src=\"https:\/\/test.vierocomponents.com\/professionalgazebo\/wp-content\/uploads\/sites\/2\/Viero_Set_birreria_home.png\" alt=\"\" width=\"220\" height=\"159\" \/><\/h5>\n<h3 style=\"text-align: center\"><a href=\"\/de\/tische-und-banke\/\">Bierzeltgarnitur<\/a><\/h3>\n<p style=\"text-align: center\">Aufklappbare Tische und B\u00e4nke f\u00fcr Volksfeste, Messen, Bierfestea<\/p>\n[\/spb_text_block] [spb_text_block pb_margin_bottom=&#8220;no&#8220; pb_border_bottom=&#8220;no&#8220; width=&#8220;1\/3&#8243; el_position=&#8220;last&#8220;]\n<h5><img loading=\"lazy\" decoding=\"async\" class=\"aligncenter size-full wp-image-330\" src=\"https:\/\/test.vierocomponents.com\/professionalgazebo\/wp-content\/uploads\/sites\/2\/Viero_accessori_home.png\" alt=\"\" width=\"220\" height=\"159\" \/><\/h5>\n<h3 style=\"text-align: center\"><a href=\"\/de\/zubehor\/\">Zubeh\u00f6r f\u00fcr Pavillon und Bierzeltgarnitur<\/a><\/h3>\n<p style=\"text-align: center\">Das beste Zubeh\u00f6r zur Anpassung unserer Produkte an Ihre Anforderungen<\/p>\n[\/spb_text_block] [\/spb_row]\n","protected":false},"excerpt":{"rendered":"<p>[spb_row wrap_type=&#8220;content-width&#8220; row_bg_type=&#8220;image&#8220; row_bg_color=&#8220;#ffffff&#8220; color_row_height=&#8220;content-height&#8220; bg_image=&#8220;300&#8243; bg_type=&#8220;cover&#8220; parallax_image_height=&#8220;content-height&#8220; parallax_image_movement=&#8220;scroll&#8220; parallax_image_speed=&#8220;0.5&#8243; parallax_video_height=&#8220;window-height&#8220; parallax_video_overlay=&#8220;color&#8220; row_overlay_opacity=&#8220;25&#8243; row_padding_vertical=&#8220;60&#8243; row_padding_horizontal=&#8220;0&#8243; row_margin_vertical=&#8220;0&#8243; remove_element_spacing=&#8220;no&#8220; inner_column_height=&#8220;col-natural&#8220; row_el_class=&#8220;head-row&#8220; width=&#8220;1\/1&#8243; el_position=&#8220;first last&#8220;] [blank_spacer height=&#8220;10vh&#8220; width=&#8220;1\/1&#8243; el_position=&#8220;first last&#8220;] [spb_text_block pb_margin_bottom=&#8220;no&#8220; pb_border_bottom=&#8220;no&#8220; width=&#8220;1\/1&#8243; el_position=&#8220;first last&#8220;] \u00dcber uns Technologie und Innovation. [\/spb_text_block] [\/spb_row] [spb_row wrap_type=&#8220;content-width&#8220; row_bg_type=&#8220;image&#8220; color_row_height=&#8220;content-height&#8220; bg_type=&#8220;cover&#8220; parallax_image_height=&#8220;content-height&#8220; parallax_image_movement=&#8220;fixed&#8220; parallax_image_speed=&#8220;0.5&#8243; parallax_video_height=&#8220;window-height&#8220; parallax_video_overlay=&#8220;none&#8220; row_overlay_opacity=&#8220;0&#8243; row_padding_vertical=&#8220;60&#8243; row_padding_horizontal=&#8220;0&#8243; row_margin_vertical=&#8220;0&#8243; remove_element_spacing=&#8220;no&#8220; inner_column_height=&#8220;col-natural&#8220; width=&#8220;1\/1&#8243; el_position=&#8220;first last&#8220;] [spb_text_block [&hellip;]<\/p>\n","protected":false},"author":2,"featured_media":0,"parent":0,"menu_order":0,"comment_status":"closed","ping_status":"closed","template":"","meta":{"footnotes":""},"class_list":["post-927","page","type-page","status-publish","hentry"],"_links":{"self":[{"href":"https:\/\/professionalgazebo.com\/de\/wp-json\/wp\/v2\/pages\/927","targetHints":{"allow":["GET"]}}],"collection":[{"href":"https:\/\/professionalgazebo.com\/de\/wp-json\/wp\/v2\/pages"}],"about":[{"href":"https:\/\/professionalgazebo.com\/de\/wp-json\/wp\/v2\/types\/page"}],"author":[{"embeddable":true,"href":"https:\/\/professionalgazebo.com\/de\/wp-json\/wp\/v2\/users\/2"}],"replies":[{"embeddable":true,"href":"https:\/\/professionalgazebo.com\/de\/wp-json\/wp\/v2\/comments?post=927"}],"version-history":[{"count":4,"href":"https:\/\/professionalgazebo.com\/de\/wp-json\/wp\/v2\/pages\/927\/revisions"}],"predecessor-version":[{"id":1199,"href":"https:\/\/professionalgazebo.com\/de\/wp-json\/wp\/v2\/pages\/927\/revisions\/1199"}],"wp:attachment":[{"href":"https:\/\/professionalgazebo.com\/de\/wp-json\/wp\/v2\/media?parent=927"}],"curies":[{"name":"wp","href":"https:\/\/api.w.org\/{rel}","templated":true}]}}